{"id":14,"date":"2022-03-14T10:49:22","date_gmt":"2022-03-14T10:49:22","guid":{"rendered":"http:\/\/rpereira.ch\/?page_id=14"},"modified":"2022-03-16T09:09:37","modified_gmt":"2022-03-16T09:09:37","slug":"analyse-et-simulation","status":"publish","type":"page","link":"https:\/\/109-degres.ch\/?page_id=14","title":{"rendered":"Analyse et simulation"},"content":{"rendered":"\n<div class=\"wp-block-columns is-layout-flex wp-container-core-columns-is-layout-1 wp-block-columns-is-layout-flex\">\n<div class=\"wp-block-column is-layout-flow wp-block-column-is-layout-flow\">\n<h3 class=\"wp-block-heading\">Analyse de conception<\/h3>\n\n\n\n<p>\u00c9valuation rigoureuse des conceptions par calculs et retours d\u2019exp\u00e9riences<\/p>\n<\/div>\n\n\n\n<div class=\"wp-block-column is-layout-flow wp-block-column-is-layout-flow\">\n<h3 class=\"wp-block-heading\">Validation de conception<\/h3>\n\n\n\n<p>Validation de conception par analyse des choix technologiques et par calcul vis-\u00e0-vis d\u2019un cahier des charges<\/p>\n<\/div>\n\n\n\n<div class=\"wp-block-column is-layout-flow wp-block-column-is-layout-flow\">\n<h3 class=\"wp-block-heading\">Strat\u00e9gie d\u2019\u00e9valuation de la performance<\/h3>\n\n\n\n<p>D\u00e9finition de tests, mesures et crit\u00e8res. Collaboration \u00e9troite entre horloger et ing\u00e9nieur<\/p>\n<\/div>\n<\/div>\n\n\n\n<div class=\"wp-block-columns is-layout-flex wp-container-core-columns-is-layout-2 wp-block-columns-is-layout-flex\">\n<div class=\"wp-block-column is-layout-flow wp-block-column-is-layout-flow\">\n<h3 class=\"wp-block-heading\">Simulation num\u00e9rique avec Ansys\u00a9<\/h3>\n\n\n\n<p>Dimensionnement pr\u00e9cis et r\u00e9aliste gr\u00e2ce au calcul par \u00e9l\u00e9ments finis<\/p>\n<\/div>\n\n\n\n<div class=\"wp-block-column is-layout-flow wp-block-column-is-layout-flow\">\n<h3 class=\"wp-block-heading\">Calcul cin\u00e9matique<\/h3>\n\n\n\n<p>Calcul analytique ou simulation de positions, vitesses et trajectoires<\/p>\n<\/div>\n\n\n\n<div class=\"wp-block-column is-layout-flow wp-block-column-is-layout-flow\">\n<h3 class=\"wp-block-heading\">Calcul \u00e9nerg\u00e9tique<\/h3>\n\n\n\n<p>Calcul analytique ou simulation de forces, d\u2019acc\u00e9l\u00e9rations, de puissances et d\u2019\u00e9nergies<\/p>\n<\/div>\n<\/div>\n\n\n<div class=\" has-text-align-center\"><i class=\"fa-regular fa-magnifying-glass\" style=\"color: #000000;\"><\/i><\/div>\n\n\n<p><\/p>\n","protected":false},"excerpt":{"rendered":"<p>Analyse de conception \u00c9valuation rigoureuse des conceptions par calculs et retours d\u2019exp\u00e9riences Validation de conception Validation de conception par analyse des choix technologiques et par calcul vis-\u00e0-vis d\u2019un cahier des charges Strat\u00e9gie d\u2019\u00e9valuation de la performance D\u00e9finition de tests, mesures et crit\u00e8res. Collaboration \u00e9troite entre horloger et ing\u00e9nieur Simulation num\u00e9rique avec Ansys\u00a9 Dimensionnement pr\u00e9cis et&hellip;&nbsp;<a href=\"https:\/\/109-degres.ch\/?page_id=14\" class=\"\" rel=\"bookmark\">Lire la suite &raquo;<span class=\"screen-reader-text\">Analyse et simulation<\/span><\/a><\/p>\n","protected":false},"author":1,"featured_media":0,"parent":0,"menu_order":0,"comment_status":"closed","ping_status":"closed","template":"","meta":{"neve_meta_sidebar":"","neve_meta_container":"","neve_meta_enable_content_width":"","neve_meta_content_width":0,"neve_meta_title_alignment":"","neve_meta_author_avatar":"","neve_post_elements_order":"","neve_meta_disable_header":"","neve_meta_disable_footer":"","neve_meta_disable_title":"","footnotes":""},"_links":{"self":[{"href":"https:\/\/109-degres.ch\/index.php?rest_route=\/wp\/v2\/pages\/14"}],"collection":[{"href":"https:\/\/109-degres.ch\/index.php?rest_route=\/wp\/v2\/pages"}],"about":[{"href":"https:\/\/109-degres.ch\/index.php?rest_route=\/wp\/v2\/types\/page"}],"author":[{"embeddable":true,"href":"https:\/\/109-degres.ch\/index.php?rest_route=\/wp\/v2\/users\/1"}],"replies":[{"embeddable":true,"href":"https:\/\/109-degres.ch\/index.php?rest_route=%2Fwp%2Fv2%2Fcomments&post=14"}],"version-history":[{"count":12,"href":"https:\/\/109-degres.ch\/index.php?rest_route=\/wp\/v2\/pages\/14\/revisions"}],"predecessor-version":[{"id":117,"href":"https:\/\/109-degres.ch\/index.php?rest_route=\/wp\/v2\/pages\/14\/revisions\/117"}],"wp:attachment":[{"href":"https:\/\/109-degres.ch\/index.php?rest_route=%2Fwp%2Fv2%2Fmedia&parent=14"}],"curies":[{"name":"wp","href":"https:\/\/api.w.org\/{rel}","templated":true}]}}