{"id":24,"date":"2022-03-14T11:26:43","date_gmt":"2022-03-14T11:26:43","guid":{"rendered":"http:\/\/rpereira.ch\/?page_id=24"},"modified":"2022-03-15T10:26:24","modified_gmt":"2022-03-15T10:26:24","slug":"conception","status":"publish","type":"page","link":"https:\/\/109-degres.ch\/?page_id=24","title":{"rendered":"Conception"},"content":{"rendered":"\n<div class=\"wp-block-columns is-layout-flex wp-container-core-columns-is-layout-1 wp-block-columns-is-layout-flex\">\n<div class=\"wp-block-column is-layout-flow wp-block-column-is-layout-flow\">\n<h3 class=\"wp-block-heading\">Recherche d\u2019id\u00e9e<\/h3>\n\n\n\n<p>D\u00e9finition de concepts horlogers innovants et r\u00e9alistes<\/p>\n<\/div>\n\n\n\n<div class=\"wp-block-column is-layout-flow wp-block-column-is-layout-flow\">\n<h3 class=\"wp-block-heading\">Pr\u00e9-\u00e9tude<\/h3>\n\n\n\n<p>\u00c9tude de faisabilit\u00e9 et validation de concepts horlogers<\/p>\n<\/div>\n<\/div>\n\n\n\n<div class=\"wp-block-columns is-layout-flex wp-container-core-columns-is-layout-2 wp-block-columns-is-layout-flex\">\n<div class=\"wp-block-column is-layout-flow wp-block-column-is-layout-flow\">\n<h3 class=\"wp-block-heading\">Construction<\/h3>\n\n\n\n<p>Construction de concepts horlogers<\/p>\n<\/div>\n\n\n\n<div class=\"wp-block-column is-layout-flow wp-block-column-is-layout-flow\">\n<h3 class=\"wp-block-heading\">Mise en plan<\/h3>\n\n\n\n<p>Mise en plan de composants de mouvements ou m\u00e9canismes horlogers<\/p>\n<\/div>\n<\/div>\n\n\n\n<p><\/p>\n","protected":false},"excerpt":{"rendered":"<p>Recherche d\u2019id\u00e9e D\u00e9finition de concepts horlogers innovants et r\u00e9alistes Pr\u00e9-\u00e9tude \u00c9tude de faisabilit\u00e9 et validation de concepts horlogers Construction Construction de concepts horlogers Mise en plan Mise en plan de composants de mouvements ou m\u00e9canismes horlogers<\/p>\n","protected":false},"author":1,"featured_media":0,"parent":0,"menu_order":0,"comment_status":"closed","ping_status":"closed","template":"","meta":{"neve_meta_sidebar":"","neve_meta_container":"","neve_meta_enable_content_width":"","neve_meta_content_width":0,"neve_meta_title_alignment":"","neve_meta_author_avatar":"","neve_post_elements_order":"","neve_meta_disable_header":"","neve_meta_disable_footer":"","neve_meta_disable_title":"","footnotes":""},"_links":{"self":[{"href":"https:\/\/109-degres.ch\/index.php?rest_route=\/wp\/v2\/pages\/24"}],"collection":[{"href":"https:\/\/109-degres.ch\/index.php?rest_route=\/wp\/v2\/pages"}],"about":[{"href":"https:\/\/109-degres.ch\/index.php?rest_route=\/wp\/v2\/types\/page"}],"author":[{"embeddable":true,"href":"https:\/\/109-degres.ch\/index.php?rest_route=\/wp\/v2\/users\/1"}],"replies":[{"embeddable":true,"href":"https:\/\/109-degres.ch\/index.php?rest_route=%2Fwp%2Fv2%2Fcomments&post=24"}],"version-history":[{"count":3,"href":"https:\/\/109-degres.ch\/index.php?rest_route=\/wp\/v2\/pages\/24\/revisions"}],"predecessor-version":[{"id":139,"href":"https:\/\/109-degres.ch\/index.php?rest_route=\/wp\/v2\/pages\/24\/revisions\/139"}],"wp:attachment":[{"href":"https:\/\/109-degres.ch\/index.php?rest_route=%2Fwp%2Fv2%2Fmedia&parent=24"}],"curies":[{"name":"wp","href":"https:\/\/api.w.org\/{rel}","templated":true}]}}