{"id":26,"date":"2022-03-14T11:26:50","date_gmt":"2022-03-14T11:26:50","guid":{"rendered":"http:\/\/rpereira.ch\/?page_id=26"},"modified":"2022-03-16T09:11:11","modified_gmt":"2022-03-16T09:11:11","slug":"formation","status":"publish","type":"page","link":"https:\/\/109-degres.ch\/?page_id=26","title":{"rendered":"Formation"},"content":{"rendered":"\n<div class=\"wp-block-columns is-layout-flex wp-container-core-columns-is-layout-1 wp-block-columns-is-layout-flex\">\n<div class=\"wp-block-column is-layout-flow wp-block-column-is-layout-flow\">\n<h3 class=\"wp-block-heading\">Cotations fonctionnelles<\/h3>\n\n\n\n<p>Rappel des principes, objectifs et m\u00e9thodologies de la cotation fonctionnelle et des cha\u00eenes de c\u00f4tes<\/p>\n<\/div>\n\n\n\n<div class=\"wp-block-column is-layout-flow wp-block-column-is-layout-flow\">\n<h3 class=\"wp-block-heading\">Cotation ISO GPS<\/h3>\n\n\n\n<p>Introduction \u00e0 la cotation ISO GPS, pr\u00e9sentation de ses int\u00e9r\u00eats et mise en application pratique<\/p>\n<\/div>\n<\/div>\n\n\n\n<div class=\"wp-block-columns is-layout-flex wp-container-core-columns-is-layout-2 wp-block-columns-is-layout-flex\">\n<div class=\"wp-block-column is-layout-flow wp-block-column-is-layout-flow\">\n<h3 class=\"wp-block-heading\">M\u00e9canique Newtonienne<\/h3>\n\n\n\n<p>Rappel sur la statique et la dynamique du solide, m\u00e9thode graphique de r\u00e9solution, application pratique<\/p>\n<\/div>\n\n\n\n<div class=\"wp-block-column is-layout-flow wp-block-column-is-layout-flow\">\n<h3 class=\"wp-block-heading\">Formation sur-mesure<\/h3>\n\n\n\n<p>Sujets, formats et objectifs \u00e0 d\u00e9finir ensemble<\/p>\n<\/div>\n<\/div>\n\n\n\n<p><\/p>\n","protected":false},"excerpt":{"rendered":"<p>Cotations fonctionnelles Rappel des principes, objectifs et m\u00e9thodologies de la cotation fonctionnelle et des cha\u00eenes de c\u00f4tes Cotation ISO GPS Introduction \u00e0 la cotation ISO GPS, pr\u00e9sentation de ses int\u00e9r\u00eats et mise en application pratique M\u00e9canique Newtonienne Rappel sur la statique et la dynamique du solide, m\u00e9thode graphique de r\u00e9solution, application pratique Formation sur-mesure Sujets,&hellip;&nbsp;<a href=\"https:\/\/109-degres.ch\/?page_id=26\" class=\"\" rel=\"bookmark\">Lire la suite &raquo;<span class=\"screen-reader-text\">Formation<\/span><\/a><\/p>\n","protected":false},"author":1,"featured_media":0,"parent":0,"menu_order":0,"comment_status":"closed","ping_status":"closed","template":"","meta":{"neve_meta_sidebar":"","neve_meta_container":"","neve_meta_enable_content_width":"","neve_meta_content_width":0,"neve_meta_title_alignment":"","neve_meta_author_avatar":"","neve_post_elements_order":"","neve_meta_disable_header":"","neve_meta_disable_footer":"","neve_meta_disable_title":"","footnotes":""},"_links":{"self":[{"href":"https:\/\/109-degres.ch\/index.php?rest_route=\/wp\/v2\/pages\/26"}],"collection":[{"href":"https:\/\/109-degres.ch\/index.php?rest_route=\/wp\/v2\/pages"}],"about":[{"href":"https:\/\/109-degres.ch\/index.php?rest_route=\/wp\/v2\/types\/page"}],"author":[{"embeddable":true,"href":"https:\/\/109-degres.ch\/index.php?rest_route=\/wp\/v2\/users\/1"}],"replies":[{"embeddable":true,"href":"https:\/\/109-degres.ch\/index.php?rest_route=%2Fwp%2Fv2%2Fcomments&post=26"}],"version-history":[{"count":2,"href":"https:\/\/109-degres.ch\/index.php?rest_route=\/wp\/v2\/pages\/26\/revisions"}],"predecessor-version":[{"id":119,"href":"https:\/\/109-degres.ch\/index.php?rest_route=\/wp\/v2\/pages\/26\/revisions\/119"}],"wp:attachment":[{"href":"https:\/\/109-degres.ch\/index.php?rest_route=%2Fwp%2Fv2%2Fmedia&parent=26"}],"curies":[{"name":"wp","href":"https:\/\/api.w.org\/{rel}","templated":true}]}}