{"id":28,"date":"2022-03-14T11:26:58","date_gmt":"2022-03-14T11:26:58","guid":{"rendered":"http:\/\/rpereira.ch\/?page_id=28"},"modified":"2022-03-16T09:12:10","modified_gmt":"2022-03-16T09:12:10","slug":"support-et-conseil","status":"publish","type":"page","link":"https:\/\/109-degres.ch\/?page_id=28","title":{"rendered":"Support et conseil"},"content":{"rendered":"\n<div class=\"wp-block-columns is-layout-flex wp-container-core-columns-is-layout-1 wp-block-columns-is-layout-flex\">\n<div class=\"wp-block-column is-layout-flow wp-block-column-is-layout-flow\">\n<h3 class=\"wp-block-heading\">Conseil<\/h3>\n\n\n\n<p>Conseil aux entreprises dans leurs strat\u00e9gies d\u2019innovations et de d\u00e9veloppements horlogers<\/p>\n<\/div>\n\n\n\n<div class=\"wp-block-column is-layout-flow wp-block-column-is-layout-flow\">\n<h3 class=\"wp-block-heading\">\u00c9co-conception<\/h3>\n\n\n\n<p>Conseil aux entreprises sur l\u2019int\u00e9gration de l\u2019\u00e9co-conception et du d\u00e9veloppement durable dans leur strat\u00e9gie R&amp;D<\/p>\n<\/div>\n<\/div>\n\n\n\n<div class=\"wp-block-columns is-layout-flex wp-container-core-columns-is-layout-2 wp-block-columns-is-layout-flex\">\n<div class=\"wp-block-column is-layout-flow wp-block-column-is-layout-flow\">\n<h3 class=\"wp-block-heading\">D\u00e9finition de projet et de cahier des charges<\/h3>\n\n\n\n<p>\u00c9bauche et d\u00e9finition d\u2019un cahier des charges r\u00e9aliste en phase avec les aspirations de l\u2019entreprise<\/p>\n<\/div>\n\n\n\n<div class=\"wp-block-column is-layout-flow wp-block-column-is-layout-flow\">\n<h3 class=\"wp-block-heading\">Management de conception<\/h3>\n\n\n\n<p>Support envers les bureaux techniques dans leurs processus de cr\u00e9ation<\/p>\n<\/div>\n<\/div>\n\n\n\n<p><\/p>\n","protected":false},"excerpt":{"rendered":"<p>Conseil Conseil aux entreprises dans leurs strat\u00e9gies d\u2019innovations et de d\u00e9veloppements horlogers \u00c9co-conception Conseil aux entreprises sur l\u2019int\u00e9gration de l\u2019\u00e9co-conception et du d\u00e9veloppement durable dans leur strat\u00e9gie R&amp;D D\u00e9finition de projet et de cahier des charges \u00c9bauche et d\u00e9finition d\u2019un cahier des charges r\u00e9aliste en phase avec les aspirations de l\u2019entreprise Management de conception Support&hellip;&nbsp;<a href=\"https:\/\/109-degres.ch\/?page_id=28\" class=\"\" rel=\"bookmark\">Lire la suite &raquo;<span class=\"screen-reader-text\">Support et conseil<\/span><\/a><\/p>\n","protected":false},"author":1,"featured_media":0,"parent":0,"menu_order":0,"comment_status":"closed","ping_status":"closed","template":"","meta":{"neve_meta_sidebar":"","neve_meta_container":"","neve_meta_enable_content_width":"","neve_meta_content_width":0,"neve_meta_title_alignment":"","neve_meta_author_avatar":"","neve_post_elements_order":"","neve_meta_disable_header":"","neve_meta_disable_footer":"","neve_meta_disable_title":"","footnotes":""},"_links":{"self":[{"href":"https:\/\/109-degres.ch\/index.php?rest_route=\/wp\/v2\/pages\/28"}],"collection":[{"href":"https:\/\/109-degres.ch\/index.php?rest_route=\/wp\/v2\/pages"}],"about":[{"href":"https:\/\/109-degres.ch\/index.php?rest_route=\/wp\/v2\/types\/page"}],"author":[{"embeddable":true,"href":"https:\/\/109-degres.ch\/index.php?rest_route=\/wp\/v2\/users\/1"}],"replies":[{"embeddable":true,"href":"https:\/\/109-degres.ch\/index.php?rest_route=%2Fwp%2Fv2%2Fcomments&post=28"}],"version-history":[{"count":2,"href":"https:\/\/109-degres.ch\/index.php?rest_route=\/wp\/v2\/pages\/28\/revisions"}],"predecessor-version":[{"id":120,"href":"https:\/\/109-degres.ch\/index.php?rest_route=\/wp\/v2\/pages\/28\/revisions\/120"}],"wp:attachment":[{"href":"https:\/\/109-degres.ch\/index.php?rest_route=%2Fwp%2Fv2%2Fmedia&parent=28"}],"curies":[{"name":"wp","href":"https:\/\/api.w.org\/{rel}","templated":true}]}}