{"id":30,"date":"2022-03-14T11:11:21","date_gmt":"2022-03-14T11:11:21","guid":{"rendered":"http:\/\/rpereira.ch\/?page_id=30"},"modified":"2022-05-09T09:51:26","modified_gmt":"2022-05-09T09:51:26","slug":"zenith-el-primero-21","status":"publish","type":"page","link":"https:\/\/109-degres.ch\/?page_id=30","title":{"rendered":"Z\u00e9nith El Primero 21"},"content":{"rendered":"\n<div class=\"wp-block-columns is-layout-flex wp-container-core-columns-is-layout-1 wp-block-columns-is-layout-flex\">\n<div class=\"wp-block-column is-layout-flow wp-block-column-is-layout-flow\" style=\"flex-basis:66.66%\">\n<figure class=\"wp-block-image size-full\"><img loading=\"lazy\" decoding=\"async\" width=\"920\" height=\"620\" src=\"http:\/\/109-degres.ch\/wp-content\/uploads\/2022\/03\/calibre-el-primero-21_2-920x620-1.jpg\" alt=\"\" class=\"wp-image-31\" srcset=\"https:\/\/109-degres.ch\/wp-content\/uploads\/2022\/03\/calibre-el-primero-21_2-920x620-1.jpg 920w, https:\/\/109-degres.ch\/wp-content\/uploads\/2022\/03\/calibre-el-primero-21_2-920x620-1-300x202.jpg 300w, https:\/\/109-degres.ch\/wp-content\/uploads\/2022\/03\/calibre-el-primero-21_2-920x620-1-768x518.jpg 768w\" sizes=\"(max-width: 920px) 100vw, 920px\" \/><\/figure>\n<\/div>\n\n\n\n<div class=\"wp-block-column is-layout-flow wp-block-column-is-layout-flow\" style=\"flex-basis:33.33%\">\n<h5 class=\"wp-block-heading\">Le mouvement Z\u00e9nith El Primero 21<\/h5>\n\n\n\n<ul><li>D\u00e9veloppement d\u2019un mouvement chronographe \u00e0 haute fr\u00e9quence<\/li><li>\u00d832mm \u2013 \u00c9paisseur 7.9mm<\/li><li>Mesure du 1\/100i\u00e8me de seconde<\/li><li>Temps de montage d\u2019ordre industriel<\/li><li>Co\u00fbt d\u2019achat permettant un prix de vente comp\u00e9titif<\/li><\/ul>\n<\/div>\n<\/div>\n\n\n\n<p><\/p>\n","protected":false},"excerpt":{"rendered":"<p>Le mouvement Z\u00e9nith El Primero 21 D\u00e9veloppement d\u2019un mouvement chronographe \u00e0 haute fr\u00e9quence \u00d832mm \u2013 \u00c9paisseur 7.9mm Mesure du 1\/100i\u00e8me de seconde Temps de montage d\u2019ordre industriel Co\u00fbt d\u2019achat permettant un prix de vente comp\u00e9titif<\/p>\n","protected":false},"author":1,"featured_media":0,"parent":0,"menu_order":0,"comment_status":"closed","ping_status":"closed","template":"","meta":{"neve_meta_sidebar":"","neve_meta_container":"","neve_meta_enable_content_width":"","neve_meta_content_width":0,"neve_meta_title_alignment":"","neve_meta_author_avatar":"","neve_post_elements_order":"","neve_meta_disable_header":"","neve_meta_disable_footer":"","neve_meta_disable_title":"","footnotes":""},"_links":{"self":[{"href":"https:\/\/109-degres.ch\/index.php?rest_route=\/wp\/v2\/pages\/30"}],"collection":[{"href":"https:\/\/109-degres.ch\/index.php?rest_route=\/wp\/v2\/pages"}],"about":[{"href":"https:\/\/109-degres.ch\/index.php?rest_route=\/wp\/v2\/types\/page"}],"author":[{"embeddable":true,"href":"https:\/\/109-degres.ch\/index.php?rest_route=\/wp\/v2\/users\/1"}],"replies":[{"embeddable":true,"href":"https:\/\/109-degres.ch\/index.php?rest_route=%2Fwp%2Fv2%2Fcomments&post=30"}],"version-history":[{"count":3,"href":"https:\/\/109-degres.ch\/index.php?rest_route=\/wp\/v2\/pages\/30\/revisions"}],"predecessor-version":[{"id":156,"href":"https:\/\/109-degres.ch\/index.php?rest_route=\/wp\/v2\/pages\/30\/revisions\/156"}],"wp:attachment":[{"href":"https:\/\/109-degres.ch\/index.php?rest_route=%2Fwp%2Fv2%2Fmedia&parent=30"}],"curies":[{"name":"wp","href":"https:\/\/api.w.org\/{rel}","templated":true}]}}