{"id":34,"date":"2022-03-14T11:12:37","date_gmt":"2022-03-14T11:12:37","guid":{"rendered":"http:\/\/rpereira.ch\/?page_id=34"},"modified":"2022-03-14T14:07:49","modified_gmt":"2022-03-14T14:07:49","slug":"tag-heuer-he02","status":"publish","type":"page","link":"https:\/\/109-degres.ch\/?page_id=34","title":{"rendered":"Tag Heuer HE02"},"content":{"rendered":"\n<div class=\"wp-block-columns is-layout-flex wp-container-core-columns-is-layout-1 wp-block-columns-is-layout-flex\">\n<div class=\"wp-block-column is-layout-flow wp-block-column-is-layout-flow\" style=\"flex-basis:66.66%\">\n<figure class=\"wp-block-image size-large is-resized\"><img loading=\"lazy\" decoding=\"async\" src=\"http:\/\/109-degres.ch\/wp-content\/uploads\/2022\/03\/he02-mvt-1024x900.jpg\" alt=\"\" class=\"wp-image-35\" width=\"524\" height=\"460\" srcset=\"https:\/\/109-degres.ch\/wp-content\/uploads\/2022\/03\/he02-mvt-1024x900.jpg 1024w, https:\/\/109-degres.ch\/wp-content\/uploads\/2022\/03\/he02-mvt-300x264.jpg 300w, https:\/\/109-degres.ch\/wp-content\/uploads\/2022\/03\/he02-mvt-768x675.jpg 768w, https:\/\/109-degres.ch\/wp-content\/uploads\/2022\/03\/he02-mvt.jpg 1298w\" sizes=\"(max-width: 524px) 100vw, 524px\" \/><\/figure>\n<\/div>\n\n\n\n<div class=\"wp-block-column is-layout-flow wp-block-column-is-layout-flow\" style=\"flex-basis:33.33%\">\n<h5 class=\"wp-block-heading\">Le mouvement Tag Heuer HE02<\/h5>\n\n\n\n<ul><li>D\u00e9veloppement d\u2019un mouvement chronographe industriel \u201cfrom scratch\u201d<\/li><li>31mm \u2013 \u00c9paisseur 6.9mm<\/li><li>80h de r\u00e9serve de marche<\/li><li>Temps de montage 30% inf\u00e9rieur au chronographe pr\u00e9c\u00e9dent<\/li><li>Co\u00fbt d\u2019achat \u00e9quivalent, avec approvisionnement 100% Swiss Made<\/li><\/ul>\n<\/div>\n<\/div>\n","protected":false},"excerpt":{"rendered":"<p>Le mouvement Tag Heuer HE02 D\u00e9veloppement d\u2019un mouvement chronographe industriel \u201cfrom scratch\u201d 31mm \u2013 \u00c9paisseur 6.9mm 80h de r\u00e9serve de marche Temps de montage 30% inf\u00e9rieur au chronographe pr\u00e9c\u00e9dent Co\u00fbt d\u2019achat \u00e9quivalent, avec approvisionnement 100% Swiss Made<\/p>\n","protected":false},"author":1,"featured_media":0,"parent":0,"menu_order":0,"comment_status":"closed","ping_status":"closed","template":"","meta":{"neve_meta_sidebar":"","neve_meta_container":"","neve_meta_enable_content_width":"","neve_meta_content_width":0,"neve_meta_title_alignment":"","neve_meta_author_avatar":"","neve_post_elements_order":"","neve_meta_disable_header":"","neve_meta_disable_footer":"","neve_meta_disable_title":"","footnotes":""},"_links":{"self":[{"href":"https:\/\/109-degres.ch\/index.php?rest_route=\/wp\/v2\/pages\/34"}],"collection":[{"href":"https:\/\/109-degres.ch\/index.php?rest_route=\/wp\/v2\/pages"}],"about":[{"href":"https:\/\/109-degres.ch\/index.php?rest_route=\/wp\/v2\/types\/page"}],"author":[{"embeddable":true,"href":"https:\/\/109-degres.ch\/index.php?rest_route=\/wp\/v2\/users\/1"}],"replies":[{"embeddable":true,"href":"https:\/\/109-degres.ch\/index.php?rest_route=%2Fwp%2Fv2%2Fcomments&post=34"}],"version-history":[{"count":3,"href":"https:\/\/109-degres.ch\/index.php?rest_route=\/wp\/v2\/pages\/34\/revisions"}],"predecessor-version":[{"id":90,"href":"https:\/\/109-degres.ch\/index.php?rest_route=\/wp\/v2\/pages\/34\/revisions\/90"}],"wp:attachment":[{"href":"https:\/\/109-degres.ch\/index.php?rest_route=%2Fwp%2Fv2%2Fmedia&parent=34"}],"curies":[{"name":"wp","href":"https:\/\/api.w.org\/{rel}","templated":true}]}}