{"id":40,"date":"2022-03-14T11:15:14","date_gmt":"2022-03-14T11:15:14","guid":{"rendered":"http:\/\/rpereira.ch\/?page_id=40"},"modified":"2022-03-14T14:05:27","modified_gmt":"2022-03-14T14:05:27","slug":"mikrogirder","status":"publish","type":"page","link":"https:\/\/109-degres.ch\/?page_id=40","title":{"rendered":"Mikrogirder"},"content":{"rendered":"\n<div class=\"wp-block-columns is-layout-flex wp-container-core-columns-is-layout-1 wp-block-columns-is-layout-flex\">\n<div class=\"wp-block-column is-layout-flow wp-block-column-is-layout-flow\" style=\"flex-basis:66.66%\">\n<figure class=\"wp-block-image size-full is-resized\"><img loading=\"lazy\" decoding=\"async\" src=\"http:\/\/109-degres.ch\/wp-content\/uploads\/2022\/03\/Tag_Heuer_Mikrogirder_White_Background-300x255-1.jpg\" alt=\"\" class=\"wp-image-41\" width=\"520\" height=\"443\"\/><\/figure>\n<\/div>\n\n\n\n<div class=\"wp-block-column is-layout-flow wp-block-column-is-layout-flow\" style=\"flex-basis:33.33%\">\n<h5 class=\"wp-block-heading\">L\u2019\u00e9chappement Tag Heuer Mikrogirder<\/h5>\n\n\n\n<ul><li>Nouvel \u00e9chappement \u00e0 haute fr\u00e9quence et force constante<\/li><li>Aiguille d\u2019or du&nbsp;<a href=\"http:\/\/www.gphg.org\/horlogerie\/fr\/palmares\/palmares-12\/mikrogirder-tag-heuer\">Grand Prix d\u2019Horlogerie de Gen\u00e8ve 2012<\/a><\/li><li>5 brevets (&nbsp;<a href=\"http:\/\/worldwide.espacenet.com\/publicationDetails\/biblio?DB=worldwide.espacenet.com&amp;II=1&amp;ND=3&amp;adjacent=true&amp;locale=fr_EP&amp;FT=D&amp;date=20130710&amp;CC=EP&amp;NR=2613205A2&amp;KC=A2\">&nbsp;1<\/a>&nbsp;&nbsp;<a href=\"http:\/\/worldwide.espacenet.com\/publicationDetails\/biblio?DB=worldwide.espacenet.com&amp;II=3&amp;ND=3&amp;adjacent=true&amp;locale=fr_EP&amp;FT=D&amp;date=20130715&amp;CC=CH&amp;NR=705969A1&amp;KC=A1\">&nbsp;&nbsp;2<\/a>&nbsp;&nbsp;<a href=\"http:\/\/worldwide.espacenet.com\/publicationDetails\/biblio?DB=worldwide.espacenet.com&amp;II=2&amp;ND=3&amp;adjacent=true&amp;locale=fr_EP&amp;FT=D&amp;date=20130715&amp;CC=CH&amp;NR=705970A1&amp;KC=A1\">&nbsp;&nbsp;3<\/a>&nbsp;&nbsp;<a href=\"http:\/\/worldwide.espacenet.com\/publicationDetails\/biblio?DB=worldwide.espacenet.com&amp;II=4&amp;ND=3&amp;adjacent=true&amp;locale=fr_EP&amp;FT=D&amp;date=20130715&amp;CC=CH&amp;NR=705968A1&amp;KC=A1\">&nbsp;&nbsp;4<\/a>&nbsp;&nbsp;<a href=\"http:\/\/worldwide.espacenet.com\/publicationDetails\/biblio?DB=worldwide.espacenet.com&amp;II=5&amp;ND=3&amp;adjacent=true&amp;locale=fr_EP&amp;FT=D&amp;date=20130715&amp;CC=CH&amp;NR=705967A1&amp;KC=A1\">&nbsp;&nbsp;5)<\/a><\/li><\/ul>\n<\/div>\n<\/div>\n\n\n\n<p><\/p>\n","protected":false},"excerpt":{"rendered":"<p>L\u2019\u00e9chappement Tag Heuer Mikrogirder Nouvel \u00e9chappement \u00e0 haute fr\u00e9quence et force constante Aiguille d\u2019or du&nbsp;Grand Prix d\u2019Horlogerie de Gen\u00e8ve 2012 5 brevets (&nbsp;&nbsp;1&nbsp;&nbsp;&nbsp;&nbsp;2&nbsp;&nbsp;&nbsp;&nbsp;3&nbsp;&nbsp;&nbsp;&nbsp;4&nbsp;&nbsp;&nbsp;&nbsp;5)<\/p>\n","protected":false},"author":1,"featured_media":0,"parent":0,"menu_order":0,"comment_status":"closed","ping_status":"closed","template":"","meta":{"neve_meta_sidebar":"","neve_meta_container":"","neve_meta_enable_content_width":"","neve_meta_content_width":0,"neve_meta_title_alignment":"","neve_meta_author_avatar":"","neve_post_elements_order":"","neve_meta_disable_header":"","neve_meta_disable_footer":"","neve_meta_disable_title":"","footnotes":""},"_links":{"self":[{"href":"https:\/\/109-degres.ch\/index.php?rest_route=\/wp\/v2\/pages\/40"}],"collection":[{"href":"https:\/\/109-degres.ch\/index.php?rest_route=\/wp\/v2\/pages"}],"about":[{"href":"https:\/\/109-degres.ch\/index.php?rest_route=\/wp\/v2\/types\/page"}],"author":[{"embeddable":true,"href":"https:\/\/109-degres.ch\/index.php?rest_route=\/wp\/v2\/users\/1"}],"replies":[{"embeddable":true,"href":"https:\/\/109-degres.ch\/index.php?rest_route=%2Fwp%2Fv2%2Fcomments&post=40"}],"version-history":[{"count":2,"href":"https:\/\/109-degres.ch\/index.php?rest_route=\/wp\/v2\/pages\/40\/revisions"}],"predecessor-version":[{"id":84,"href":"https:\/\/109-degres.ch\/index.php?rest_route=\/wp\/v2\/pages\/40\/revisions\/84"}],"wp:attachment":[{"href":"https:\/\/109-degres.ch\/index.php?rest_route=%2Fwp%2Fv2%2Fmedia&parent=40"}],"curies":[{"name":"wp","href":"https:\/\/api.w.org\/{rel}","templated":true}]}}