{"id":43,"date":"2022-03-14T11:16:25","date_gmt":"2022-03-14T11:16:25","guid":{"rendered":"http:\/\/rpereira.ch\/?page_id=43"},"modified":"2022-03-14T14:05:57","modified_gmt":"2022-03-14T14:05:57","slug":"tag-heuer-1887","status":"publish","type":"page","link":"https:\/\/109-degres.ch\/?page_id=43","title":{"rendered":"Tag Heuer 1887"},"content":{"rendered":"\n<div class=\"wp-block-columns is-layout-flex wp-container-core-columns-is-layout-1 wp-block-columns-is-layout-flex\">\n<div class=\"wp-block-column is-layout-flow wp-block-column-is-layout-flow\" style=\"flex-basis:66.66%\">\n<figure class=\"wp-block-image size-full is-resized\"><img loading=\"lazy\" decoding=\"async\" src=\"http:\/\/109-degres.ch\/wp-content\/uploads\/2022\/03\/TH1887.png\" alt=\"\" class=\"wp-image-44\" width=\"564\" height=\"414\" srcset=\"https:\/\/109-degres.ch\/wp-content\/uploads\/2022\/03\/TH1887.png 450w, https:\/\/109-degres.ch\/wp-content\/uploads\/2022\/03\/TH1887-300x220.png 300w\" sizes=\"(max-width: 564px) 100vw, 564px\" \/><\/figure>\n<\/div>\n\n\n\n<div class=\"wp-block-column is-layout-flow wp-block-column-is-layout-flow\" style=\"flex-basis:33.33%\">\n<h5 class=\"wp-block-heading\">L\u2019industrialisation du mouvement Tag Heuer 1887<\/h5>\n\n\n\n<ul><li>Assurer la mont\u00e9e en production du mouvement<\/li><li>Corriger les d\u00e9faillances<\/li><li>R\u00e9duire les co\u00fbts (achat\/assemblage\/SAV)<\/li><li>Petite aiguille du&nbsp;<a href=\"http:\/\/www.gphg.org\/watches\/fr\/content\/carrera-calibre-1887-chronograph-41mm\">Grand Prix d\u2019Horlogerie de Gen\u00e8ve 2010<\/a><\/li><\/ul>\n<\/div>\n<\/div>\n","protected":false},"excerpt":{"rendered":"<p>L\u2019industrialisation du mouvement Tag Heuer 1887 Assurer la mont\u00e9e en production du mouvement Corriger les d\u00e9faillances R\u00e9duire les co\u00fbts (achat\/assemblage\/SAV) Petite aiguille du&nbsp;Grand Prix d\u2019Horlogerie de Gen\u00e8ve 2010<\/p>\n","protected":false},"author":1,"featured_media":0,"parent":0,"menu_order":0,"comment_status":"closed","ping_status":"closed","template":"","meta":{"neve_meta_sidebar":"","neve_meta_container":"","neve_meta_enable_content_width":"","neve_meta_content_width":0,"neve_meta_title_alignment":"","neve_meta_author_avatar":"","neve_post_elements_order":"","neve_meta_disable_header":"","neve_meta_disable_footer":"","neve_meta_disable_title":"","footnotes":""},"_links":{"self":[{"href":"https:\/\/109-degres.ch\/index.php?rest_route=\/wp\/v2\/pages\/43"}],"collection":[{"href":"https:\/\/109-degres.ch\/index.php?rest_route=\/wp\/v2\/pages"}],"about":[{"href":"https:\/\/109-degres.ch\/index.php?rest_route=\/wp\/v2\/types\/page"}],"author":[{"embeddable":true,"href":"https:\/\/109-degres.ch\/index.php?rest_route=\/wp\/v2\/users\/1"}],"replies":[{"embeddable":true,"href":"https:\/\/109-degres.ch\/index.php?rest_route=%2Fwp%2Fv2%2Fcomments&post=43"}],"version-history":[{"count":2,"href":"https:\/\/109-degres.ch\/index.php?rest_route=\/wp\/v2\/pages\/43\/revisions"}],"predecessor-version":[{"id":85,"href":"https:\/\/109-degres.ch\/index.php?rest_route=\/wp\/v2\/pages\/43\/revisions\/85"}],"wp:attachment":[{"href":"https:\/\/109-degres.ch\/index.php?rest_route=%2Fwp%2Fv2%2Fmedia&parent=43"}],"curies":[{"name":"wp","href":"https:\/\/api.w.org\/{rel}","templated":true}]}}