{"id":46,"date":"2022-03-14T11:17:21","date_gmt":"2022-03-14T11:17:21","guid":{"rendered":"http:\/\/rpereira.ch\/?page_id=46"},"modified":"2022-03-14T14:08:24","modified_gmt":"2022-03-14T14:08:24","slug":"compte-a-rebours","status":"publish","type":"page","link":"https:\/\/109-degres.ch\/?page_id=46","title":{"rendered":"Compte \u00e0 rebours"},"content":{"rendered":"\n<div class=\"wp-block-columns is-layout-flex wp-container-core-columns-is-layout-1 wp-block-columns-is-layout-flex\">\n<div class=\"wp-block-column is-layout-flow wp-block-column-is-layout-flow\" style=\"flex-basis:66.66%\">\n<figure class=\"wp-block-image size-full is-resized\"><img loading=\"lazy\" decoding=\"async\" src=\"http:\/\/109-degres.ch\/wp-content\/uploads\/2022\/03\/vrevet-lah.png\" alt=\"\" class=\"wp-image-47\" width=\"414\" height=\"414\" srcset=\"https:\/\/109-degres.ch\/wp-content\/uploads\/2022\/03\/vrevet-lah.png 300w, https:\/\/109-degres.ch\/wp-content\/uploads\/2022\/03\/vrevet-lah-150x150.png 150w\" sizes=\"(max-width: 414px) 100vw, 414px\" \/><\/figure>\n<\/div>\n\n\n\n<div class=\"wp-block-column is-layout-flow wp-block-column-is-layout-flow\" style=\"flex-basis:33.33%\">\n<h5 class=\"wp-block-heading\">Un concept de mouvement chronographe compte \u00e0 rebours 99 minutes<\/h5>\n\n\n\n<ul><li>Pr\u00e9-\u00e9tude d\u2019un concept client<\/li><li>Proposition d\u2019approfondissement du concept<\/li><li><a href=\"http:\/\/worldwide.espacenet.com\/publicationDetails\/biblio?DB=worldwide.espacenet.com&amp;II=6&amp;ND=3&amp;adjacent=true&amp;locale=fr_EP&amp;FT=D&amp;date=20111230&amp;CC=CH&amp;NR=703361A2&amp;KC=A2\">&nbsp;1 brevet<\/a><\/li><li>Cr\u00e9ation d\u2019un affichage unique pour un produit unique<\/li><\/ul>\n<\/div>\n<\/div>\n","protected":false},"excerpt":{"rendered":"<p>Un concept de mouvement chronographe compte \u00e0 rebours 99 minutes Pr\u00e9-\u00e9tude d\u2019un concept client Proposition d\u2019approfondissement du concept &nbsp;1 brevet Cr\u00e9ation d\u2019un affichage unique pour un produit unique<\/p>\n","protected":false},"author":1,"featured_media":0,"parent":0,"menu_order":0,"comment_status":"closed","ping_status":"closed","template":"","meta":{"neve_meta_sidebar":"","neve_meta_container":"","neve_meta_enable_content_width":"","neve_meta_content_width":0,"neve_meta_title_alignment":"","neve_meta_author_avatar":"","neve_post_elements_order":"","neve_meta_disable_header":"","neve_meta_disable_footer":"","neve_meta_disable_title":"","footnotes":""},"_links":{"self":[{"href":"https:\/\/109-degres.ch\/index.php?rest_route=\/wp\/v2\/pages\/46"}],"collection":[{"href":"https:\/\/109-degres.ch\/index.php?rest_route=\/wp\/v2\/pages"}],"about":[{"href":"https:\/\/109-degres.ch\/index.php?rest_route=\/wp\/v2\/types\/page"}],"author":[{"embeddable":true,"href":"https:\/\/109-degres.ch\/index.php?rest_route=\/wp\/v2\/users\/1"}],"replies":[{"embeddable":true,"href":"https:\/\/109-degres.ch\/index.php?rest_route=%2Fwp%2Fv2%2Fcomments&post=46"}],"version-history":[{"count":2,"href":"https:\/\/109-degres.ch\/index.php?rest_route=\/wp\/v2\/pages\/46\/revisions"}],"predecessor-version":[{"id":91,"href":"https:\/\/109-degres.ch\/index.php?rest_route=\/wp\/v2\/pages\/46\/revisions\/91"}],"wp:attachment":[{"href":"https:\/\/109-degres.ch\/index.php?rest_route=%2Fwp%2Fv2%2Fmedia&parent=46"}],"curies":[{"name":"wp","href":"https:\/\/api.w.org\/{rel}","templated":true}]}}