{"id":49,"date":"2022-03-14T11:18:40","date_gmt":"2022-03-14T11:18:40","guid":{"rendered":"http:\/\/rpereira.ch\/?page_id=49"},"modified":"2022-03-31T13:30:18","modified_gmt":"2022-03-31T13:30:18","slug":"divers","status":"publish","type":"page","link":"https:\/\/109-degres.ch\/?page_id=49","title":{"rendered":"Divers"},"content":{"rendered":"\n<div class=\"wp-block-columns is-layout-flex wp-container-core-columns-is-layout-1 wp-block-columns-is-layout-flex\">\n<div class=\"wp-block-column is-layout-flow wp-block-column-is-layout-flow\" style=\"flex-basis:66.66%\">\n<figure class=\"wp-block-image size-large\"><img loading=\"lazy\" decoding=\"async\" width=\"1024\" height=\"636\" src=\"http:\/\/109-degres.ch\/wp-content\/uploads\/2022\/03\/divers-1024x636.png\" alt=\"\" class=\"wp-image-50\" srcset=\"https:\/\/109-degres.ch\/wp-content\/uploads\/2022\/03\/divers-1024x636.png 1024w, https:\/\/109-degres.ch\/wp-content\/uploads\/2022\/03\/divers-300x186.png 300w, https:\/\/109-degres.ch\/wp-content\/uploads\/2022\/03\/divers-768x477.png 768w, https:\/\/109-degres.ch\/wp-content\/uploads\/2022\/03\/divers.png 1131w\" sizes=\"(max-width: 1024px) 100vw, 1024px\" \/><\/figure>\n<\/div>\n\n\n\n<div class=\"wp-block-column is-layout-flow wp-block-column-is-layout-flow\" style=\"flex-basis:33.33%\">\n<h5 class=\"wp-block-heading\">Diff\u00e9rents projets de calculs, d\u2019analyses et de support<\/h5>\n\n\n\n<ul><li>Analyses de constructions existantes<\/li><li>Propositions d\u2019am\u00e9liorations<\/li><li>Bilans \u00e9nerg\u00e9tiques<\/li><li>Simulations num\u00e9riques<\/li><li>Mises en plans<\/li><li>Micro-logiciels et utilitaires pour les calculs horlogers<\/li><li>Soprod, Schwarz-Etienne, MHVJ, Winiger Horloger, MCT, etc.<\/li><\/ul>\n<\/div>\n<\/div>\n","protected":false},"excerpt":{"rendered":"<p>Diff\u00e9rents projets de calculs, d\u2019analyses et de support Analyses de constructions existantes Propositions d\u2019am\u00e9liorations Bilans \u00e9nerg\u00e9tiques Simulations num\u00e9riques Mises en plans Micro-logiciels et utilitaires pour les calculs horlogers Soprod, Schwarz-Etienne, MHVJ, Winiger Horloger, MCT, etc.<\/p>\n","protected":false},"author":1,"featured_media":0,"parent":0,"menu_order":0,"comment_status":"closed","ping_status":"closed","template":"","meta":{"neve_meta_sidebar":"","neve_meta_container":"","neve_meta_enable_content_width":"","neve_meta_content_width":0,"neve_meta_title_alignment":"","neve_meta_author_avatar":"","neve_post_elements_order":"","neve_meta_disable_header":"","neve_meta_disable_footer":"","neve_meta_disable_title":"","footnotes":""},"_links":{"self":[{"href":"https:\/\/109-degres.ch\/index.php?rest_route=\/wp\/v2\/pages\/49"}],"collection":[{"href":"https:\/\/109-degres.ch\/index.php?rest_route=\/wp\/v2\/pages"}],"about":[{"href":"https:\/\/109-degres.ch\/index.php?rest_route=\/wp\/v2\/types\/page"}],"author":[{"embeddable":true,"href":"https:\/\/109-degres.ch\/index.php?rest_route=\/wp\/v2\/users\/1"}],"replies":[{"embeddable":true,"href":"https:\/\/109-degres.ch\/index.php?rest_route=%2Fwp%2Fv2%2Fcomments&post=49"}],"version-history":[{"count":5,"href":"https:\/\/109-degres.ch\/index.php?rest_route=\/wp\/v2\/pages\/49\/revisions"}],"predecessor-version":[{"id":148,"href":"https:\/\/109-degres.ch\/index.php?rest_route=\/wp\/v2\/pages\/49\/revisions\/148"}],"wp:attachment":[{"href":"https:\/\/109-degres.ch\/index.php?rest_route=%2Fwp%2Fv2%2Fmedia&parent=49"}],"curies":[{"name":"wp","href":"https:\/\/api.w.org\/{rel}","templated":true}]}}